{"id":24,"date":"2025-05-08T15:10:37","date_gmt":"2025-05-08T13:10:37","guid":{"rendered":"https:\/\/bramy-garazowe24.pl\/?page_id=24"},"modified":"2025-06-06T12:54:43","modified_gmt":"2025-06-06T10:54:43","slug":"kontakt","status":"publish","type":"page","link":"https:\/\/bramy-garazowe24.pl\/index.php\/kontakt\/","title":{"rendered":"Kontakt"},"content":{"rendered":"<style>.kb-row-layout-id24_64b64f-2a > .kt-row-column-wrap{align-content:center;}:where(.kb-row-layout-id24_64b64f-2a > .kt-row-column-wrap) > .wp-block-kadence-column{justify-content:center;}.kb-row-layout-id24_64b64f-2a > .kt-row-column-wrap{column-gap:var(--global-kb-gap-md, 2rem);row-gap:var(--global-kb-gap-md, 2rem);max-width:var( --global-content-width, 1440px );padding-left:var(--global-content-edge-padding);padding-right:var(--global-content-edge-padding);padding-top:var(--global-kb-spacing-md, 2rem);grid-template-columns:repeat(2, minmax(0, 1fr));}.kb-row-layout-id24_64b64f-2a > .kt-row-layout-overlay{opacity:0.30;}@media all and (max-width: 1024px){.kb-row-layout-id24_64b64f-2a > .kt-row-column-wrap{grid-template-columns:minmax(0, 1fr);}}@media all and (max-width: 767px){.kb-row-layout-id24_64b64f-2a > .kt-row-column-wrap{grid-template-columns:minmax(0, 1fr);}}<\/style><div class=\"kb-row-layout-wrap kb-row-layout-id24_64b64f-2a alignfull has-theme-palette4-background-color kt-row-has-bg wp-block-kadence-rowlayout\"><div class=\"kt-row-column-wrap kt-has-2-columns kt-row-layout-equal kt-tab-layout-row kt-mobile-layout-row kt-row-valign-middle kb-theme-content-width\">\n<style>.kadence-column24_8cfc39-c0 > .kt-inside-inner-col{padding-top:var(--global-kb-spacing-5xl, 10rem);padding-bottom:var(--global-kb-spacing-5xl, 10rem);}.kadence-column24_8cfc39-c0 > .kt-inside-inner-col,.kadence-column24_8cfc39-c0 > .kt-inside-inner-col:before{border-top-left-radius:0px;border-top-right-radius:0px;border-bottom-right-radius:0px;border-bottom-left-radius:0px;}.kadence-column24_8cfc39-c0 > .kt-inside-inner-col{column-gap:var(--global-kb-gap-sm, 1rem);}.kadence-column24_8cfc39-c0 > .kt-inside-inner-col{flex-direction:column;}.kadence-column24_8cfc39-c0 > .kt-inside-inner-col > .aligncenter{width:100%;}.kadence-column24_8cfc39-c0 > .kt-inside-inner-col:before{opacity:0.3;}.kadence-column24_8cfc39-c0{position:relative;}@media all and (max-width: 1024px){.kadence-column24_8cfc39-c0 > .kt-inside-inner-col{padding-right:0px;flex-direction:column;justify-content:center;}}@media all and (max-width: 1024px){.kadence-column24_8cfc39-c0{text-align:center;}}@media all and (max-width: 767px){.kadence-column24_8cfc39-c0 > .kt-inside-inner-col{flex-direction:column;justify-content:center;}}<\/style>\n<div class=\"wp-block-kadence-column kadence-column24_8cfc39-c0 kb-section-dir-vertical inner-column-1\"><div class=\"kt-inside-inner-col\"><style>.wp-block-kadence-advancedheading.kt-adv-heading24_3fd266-85, .wp-block-kadence-advancedheading.kt-adv-heading24_3fd266-85[data-kb-block=\"kb-adv-heading24_3fd266-85\"]{margin-bottom:var(--global-kb-spacing-xs, 1rem);font-style:normal;text-transform:uppercase;}.wp-block-kadence-advancedheading.kt-adv-heading24_3fd266-85 mark.kt-highlight, .wp-block-kadence-advancedheading.kt-adv-heading24_3fd266-85[data-kb-block=\"kb-adv-heading24_3fd266-85\"] mark.kt-highlight{font-style:normal;color:#f76a0c;-webkit-box-decoration-break:clone;box-decoration-break:clone;padding-top:0px;padding-right:0px;padding-bottom:0px;padding-left:0px;}.wp-block-kadence-advancedheading.kt-adv-heading24_3fd266-85 img.kb-inline-image, .wp-block-kadence-advancedheading.kt-adv-heading24_3fd266-85[data-kb-block=\"kb-adv-heading24_3fd266-85\"] img.kb-inline-image{width:150px;vertical-align:baseline;}<\/style>\n<div class=\"kt-adv-heading24_3fd266-85 wp-block-kadence-advancedheading has-theme-palette-1-color has-text-color\" data-kb-block=\"kb-adv-heading24_3fd266-85\">skontaktuj si\u0119<\/div>\n\n\n<style>.wp-block-kadence-advancedheading.kt-adv-heading24_d92ca7-6c, .wp-block-kadence-advancedheading.kt-adv-heading24_d92ca7-6c[data-kb-block=\"kb-adv-heading24_d92ca7-6c\"]{margin-top:0px;margin-bottom:var(--global-kb-spacing-lg, 3rem);font-size:var(--global-kb-font-size-xl, 3rem);line-height:1.2;font-style:normal;}.wp-block-kadence-advancedheading.kt-adv-heading24_d92ca7-6c mark.kt-highlight, .wp-block-kadence-advancedheading.kt-adv-heading24_d92ca7-6c[data-kb-block=\"kb-adv-heading24_d92ca7-6c\"] mark.kt-highlight{font-style:normal;color:#f76a0c;-webkit-box-decoration-break:clone;box-decoration-break:clone;padding-top:0px;padding-right:0px;padding-bottom:0px;padding-left:0px;}.wp-block-kadence-advancedheading.kt-adv-heading24_d92ca7-6c img.kb-inline-image, .wp-block-kadence-advancedheading.kt-adv-heading24_d92ca7-6c[data-kb-block=\"kb-adv-heading24_d92ca7-6c\"] img.kb-inline-image{width:150px;vertical-align:baseline;}@media all and (max-width: 1024px){.wp-block-kadence-advancedheading.kt-adv-heading24_d92ca7-6c, .wp-block-kadence-advancedheading.kt-adv-heading24_d92ca7-6c[data-kb-block=\"kb-adv-heading24_d92ca7-6c\"]{text-align:center!important;}}<\/style>\n<h2 class=\"kt-adv-heading24_d92ca7-6c wp-block-kadence-advancedheading has-theme-palette-7-color has-text-color\" data-kb-block=\"kb-adv-heading24_d92ca7-6c\">Otrzymaj bezp\u0142atn\u0105 wycen\u0119 ju\u017c dzi\u015b<\/h2>\n\n\n<style>.wp-block-kadence-advancedheading.kt-adv-heading24_a5b833-81, .wp-block-kadence-advancedheading.kt-adv-heading24_a5b833-81[data-kb-block=\"kb-adv-heading24_a5b833-81\"]{font-style:normal;}.wp-block-kadence-advancedheading.kt-adv-heading24_a5b833-81 mark.kt-highlight, .wp-block-kadence-advancedheading.kt-adv-heading24_a5b833-81[data-kb-block=\"kb-adv-heading24_a5b833-81\"] mark.kt-highlight{font-style:normal;color:#f76a0c;-webkit-box-decoration-break:clone;box-decoration-break:clone;padding-top:0px;padding-right:0px;padding-bottom:0px;padding-left:0px;}.wp-block-kadence-advancedheading.kt-adv-heading24_a5b833-81 img.kb-inline-image, .wp-block-kadence-advancedheading.kt-adv-heading24_a5b833-81[data-kb-block=\"kb-adv-heading24_a5b833-81\"] img.kb-inline-image{width:150px;vertical-align:baseline;}@media all and (max-width: 1024px){.wp-block-kadence-advancedheading.kt-adv-heading24_a5b833-81, .wp-block-kadence-advancedheading.kt-adv-heading24_a5b833-81[data-kb-block=\"kb-adv-heading24_a5b833-81\"]{text-align:center!important;}}<\/style>\n<p class=\"kt-adv-heading24_a5b833-81 wp-block-kadence-advancedheading has-theme-palette-7-color has-text-color\" data-kb-block=\"kb-adv-heading24_a5b833-81\">Potrzebujesz bram uchylnych, dwuskrzyd\u0142owych, drzwi stalowych lub gara\u017cu na zam\u00f3wienie? Skontaktuj si\u0119 z nami telefonicznie lub wype\u0142nij formularz. Przygotujemy dla Ciebie indywidualn\u0105 ofert\u0119 z darmow\u0105 dostaw\u0105 i monta\u017cem w ca\u0142ej Polsce.<\/p>\n\n\n<style>.wp-block-kadence-iconlist.kt-svg-icon-list-items24_a8c389-2b:not(.this-stops-third-party-issues){margin-top:0px;margin-bottom:0px;}.wp-block-kadence-iconlist.kt-svg-icon-list-items24_a8c389-2b ul.kt-svg-icon-list:not(.this-prevents-issues):not(.this-stops-third-party-issues):not(.tijsloc){margin-top:0px;margin-right:0px;margin-bottom:var(--global-kb-spacing-sm, 1.5rem);margin-left:0px;}.wp-block-kadence-iconlist.kt-svg-icon-list-items24_a8c389-2b ul.kt-svg-icon-list{grid-row-gap:5px;}.wp-block-kadence-iconlist.kt-svg-icon-list-items24_a8c389-2b .kb-svg-icon-wrap{font-size:30px;color:var(--global-palette1, #3182CE);}.wp-block-kadence-iconlist.kt-svg-icon-list-items24_a8c389-2b ul.kt-svg-icon-list .kt-svg-icon-list-item-wrap .kt-svg-icon-list-single{margin-right:10px;}.kt-svg-icon-list-items24_a8c389-2b ul.kt-svg-icon-list .kt-svg-icon-list-item-wrap, .kt-svg-icon-list-items24_a8c389-2b ul.kt-svg-icon-list .kt-svg-icon-list-item-wrap a{color:var(--global-palette7, #EDF2F7);font-weight:500;color:var(--global-palette7, #EDF2F7);}.kt-svg-icon-list-items24_a8c389-2b ul.kt-svg-icon-list .kt-svg-icon-list-level-0 .kt-svg-icon-list-single svg{font-size:20px;}<\/style>\n<div class=\"wp-block-kadence-iconlist kt-svg-icon-list-items kt-svg-icon-list-items24_a8c389-2b kt-svg-icon-list-columns-1 alignnone\"><ul class=\"kt-svg-icon-list\"><style>.kt-svg-icon-list-item-24_d2735d-81 .kt-svg-icon-list-text mark.kt-highlight{background-color:unset;font-style:normal;color:#f76a0c;-webkit-box-decoration-break:clone;box-decoration-break:clone;padding-top:0px;padding-right:0px;padding-bottom:0px;padding-left:0px;}<\/style>\n<li class=\"wp-block-kadence-listitem kt-svg-icon-list-item-wrap kt-svg-icon-list-item-24_d2735d-81\"><span class=\"kb-svg-icon-wrap kb-svg-icon-fe_phone kt-svg-icon-list-single\"><svg viewBox=\"0 0 24 24\"  fill=\"none\" stroke=\"currentColor\" stroke-width=\"2\" stroke-linecap=\"round\" stroke-linejoin=\"round\" xmlns=\"http:\/\/www.w3.org\/2000\/svg\"  aria-hidden=\"true\"><path d=\"M22 16.92v3a2 2 0 0 1-2.18 2 19.79 19.79 0 0 1-8.63-3.07 19.5 19.5 0 0 1-6-6 19.79 19.79 0 0 1-3.07-8.67A2 2 0 0 1 4.11 2h3a2 2 0 0 1 2 1.72 12.84 12.84 0 0 0 .7 2.81 2 2 0 0 1-.45 2.11L8.09 9.91a16 16 0 0 0 6 6l1.27-1.27a2 2 0 0 1 2.11-.45 12.84 12.84 0 0 0 2.81.7A2 2 0 0 1 22 16.92z\"\/><\/svg><\/span><span class=\"kt-svg-icon-list-text\">+48 797 649 040<\/span><\/li>\n\n\n<style>.kt-svg-icon-list-item-24_389ada-d5 .kt-svg-icon-list-text mark.kt-highlight{background-color:unset;font-style:normal;color:#f76a0c;-webkit-box-decoration-break:clone;box-decoration-break:clone;padding-top:0px;padding-right:0px;padding-bottom:0px;padding-left:0px;}<\/style>\n<li class=\"wp-block-kadence-listitem kt-svg-icon-list-item-wrap kt-svg-icon-list-item-24_389ada-d5\"><span class=\"kb-svg-icon-wrap kb-svg-icon-fe_phone kt-svg-icon-list-single\"><svg viewBox=\"0 0 24 24\"  fill=\"none\" stroke=\"currentColor\" stroke-width=\"2\" stroke-linecap=\"round\" stroke-linejoin=\"round\" xmlns=\"http:\/\/www.w3.org\/2000\/svg\"  aria-hidden=\"true\"><path d=\"M22 16.92v3a2 2 0 0 1-2.18 2 19.79 19.79 0 0 1-8.63-3.07 19.5 19.5 0 0 1-6-6 19.79 19.79 0 0 1-3.07-8.67A2 2 0 0 1 4.11 2h3a2 2 0 0 1 2 1.72 12.84 12.84 0 0 0 .7 2.81 2 2 0 0 1-.45 2.11L8.09 9.91a16 16 0 0 0 6 6l1.27-1.27a2 2 0 0 1 2.11-.45 12.84 12.84 0 0 0 2.81.7A2 2 0 0 1 22 16.92z\"\/><\/svg><\/span><span class=\"kt-svg-icon-list-text\">+48 512 508 427<\/span><\/li>\n\n\n<style>.kt-svg-icon-list-item-24_af0588-61 .kt-svg-icon-list-text mark.kt-highlight{background-color:unset;font-style:normal;color:#f76a0c;-webkit-box-decoration-break:clone;box-decoration-break:clone;padding-top:0px;padding-right:0px;padding-bottom:0px;padding-left:0px;}<\/style>\n<li class=\"wp-block-kadence-listitem kt-svg-icon-list-item-wrap kt-svg-icon-list-item-24_af0588-61\"><a href=\"mailto:bochenekbramy@gmail.com\" class=\"kt-svg-icon-link\"><span class=\"kb-svg-icon-wrap kb-svg-icon-fe_mail kt-svg-icon-list-single\"><svg viewBox=\"0 0 24 24\"  fill=\"none\" stroke=\"currentColor\" stroke-width=\"2\" stroke-linecap=\"round\" stroke-linejoin=\"round\" xmlns=\"http:\/\/www.w3.org\/2000\/svg\"  aria-hidden=\"true\"><path d=\"M4 4h16c1.1 0 2 .9 2 2v12c0 1.1-.9 2-2 2H4c-1.1 0-2-.9-2-2V6c0-1.1.9-2 2-2z\"\/><polyline points=\"22,6 12,13 2,6\"\/><\/svg><\/span><span class=\"kt-svg-icon-list-text\">bochenekbramy@gmail.com<\/span><\/a><\/li>\n\n\n<style>.kt-svg-icon-list-item-24_82b3f0-29 .kt-svg-icon-list-text mark.kt-highlight{background-color:unset;font-style:normal;color:#f76a0c;-webkit-box-decoration-break:clone;box-decoration-break:clone;padding-top:0px;padding-right:0px;padding-bottom:0px;padding-left:0px;}<\/style>\n<li class=\"wp-block-kadence-listitem kt-svg-icon-list-item-wrap kt-svg-icon-list-item-24_82b3f0-29\"><span class=\"kb-svg-icon-wrap kb-svg-icon-fe_home kt-svg-icon-list-single\"><svg viewBox=\"0 0 24 24\"  fill=\"none\" stroke=\"currentColor\" stroke-width=\"2\" stroke-linecap=\"round\" stroke-linejoin=\"round\" xmlns=\"http:\/\/www.w3.org\/2000\/svg\"  aria-hidden=\"true\"><path d=\"M3 9l9-7 9 7v11a2 2 0 0 1-2 2H5a2 2 0 0 1-2-2z\"\/><polyline points=\"9 22 9 12 15 12 15 22\"\/><\/svg><\/span><span class=\"kt-svg-icon-list-text\">Krasne-Lasocice, 34-620 Krasne-Lasocice<\/span><\/li>\n<\/ul><\/div>\n\n\n\n<ul class=\"wp-block-social-links has-large-icon-size has-icon-color is-style-logos-only is-layout-flex wp-block-social-links-is-layout-flex\"><li style=\"color:var(--global-palette7);\" class=\"wp-social-link wp-social-link-facebook has-theme-palette7-color wp-block-social-link\"><a href=\"https:\/\/www.facebook.com\/ProducentBramGarazowych\" class=\"wp-block-social-link-anchor\" target=\"_blank\" rel=\"noopener\"><svg width=\"24\" height=\"24\" viewBox=\"0 0 24 24\" version=\"1.1\" xmlns=\"http:\/\/www.w3.org\/2000\/svg\" aria-hidden=\"true\" focusable=\"false\"><path d=\"M12 2C6.5 2 2 6.5 2 12c0 5 3.7 9.1 8.4 9.9v-7H7.9V12h2.5V9.8c0-2.5 1.5-3.9 3.8-3.9 1.1 0 2.2.2 2.2.2v2.5h-1.3c-1.2 0-1.6.8-1.6 1.6V12h2.8l-.4 2.9h-2.3v7C18.3 21.1 22 17 22 12c0-5.5-4.5-10-10-10z\"><\/path><\/svg><span class=\"wp-block-social-link-label screen-reader-text\">Facebook<\/span><\/a><\/li>\n\n<li style=\"color:var(--global-palette7);\" class=\"wp-social-link wp-social-link-instagram has-theme-palette7-color wp-block-social-link\"><a href=\"https:\/\/www.instagram.com\/bochenek_bramy_garazowe\/\" class=\"wp-block-social-link-anchor\" target=\"_blank\" rel=\"noopener\"><svg width=\"24\" height=\"24\" viewBox=\"0 0 24 24\" version=\"1.1\" xmlns=\"http:\/\/www.w3.org\/2000\/svg\" aria-hidden=\"true\" focusable=\"false\"><path d=\"M12,4.622c2.403,0,2.688,0.009,3.637,0.052c0.877,0.04,1.354,0.187,1.671,0.31c0.42,0.163,0.72,0.358,1.035,0.673 c0.315,0.315,0.51,0.615,0.673,1.035c0.123,0.317,0.27,0.794,0.31,1.671c0.043,0.949,0.052,1.234,0.052,3.637 s-0.009,2.688-0.052,3.637c-0.04,0.877-0.187,1.354-0.31,1.671c-0.163,0.42-0.358,0.72-0.673,1.035 c-0.315,0.315-0.615,0.51-1.035,0.673c-0.317,0.123-0.794,0.27-1.671,0.31c-0.949,0.043-1.233,0.052-3.637,0.052 s-2.688-0.009-3.637-0.052c-0.877-0.04-1.354-0.187-1.671-0.31c-0.42-0.163-0.72-0.358-1.035-0.673 c-0.315-0.315-0.51-0.615-0.673-1.035c-0.123-0.317-0.27-0.794-0.31-1.671C4.631,14.688,4.622,14.403,4.622,12 s0.009-2.688,0.052-3.637c0.04-0.877,0.187-1.354,0.31-1.671c0.163-0.42,0.358-0.72,0.673-1.035 c0.315-0.315,0.615-0.51,1.035-0.673c0.317-0.123,0.794-0.27,1.671-0.31C9.312,4.631,9.597,4.622,12,4.622 M12,3 C9.556,3,9.249,3.01,8.289,3.054C7.331,3.098,6.677,3.25,6.105,3.472C5.513,3.702,5.011,4.01,4.511,4.511 c-0.5,0.5-0.808,1.002-1.038,1.594C3.25,6.677,3.098,7.331,3.054,8.289C3.01,9.249,3,9.556,3,12c0,2.444,0.01,2.751,0.054,3.711 c0.044,0.958,0.196,1.612,0.418,2.185c0.23,0.592,0.538,1.094,1.038,1.594c0.5,0.5,1.002,0.808,1.594,1.038 c0.572,0.222,1.227,0.375,2.185,0.418C9.249,20.99,9.556,21,12,21s2.751-0.01,3.711-0.054c0.958-0.044,1.612-0.196,2.185-0.418 c0.592-0.23,1.094-0.538,1.594-1.038c0.5-0.5,0.808-1.002,1.038-1.594c0.222-0.572,0.375-1.227,0.418-2.185 C20.99,14.751,21,14.444,21,12s-0.01-2.751-0.054-3.711c-0.044-0.958-0.196-1.612-0.418-2.185c-0.23-0.592-0.538-1.094-1.038-1.594 c-0.5-0.5-1.002-0.808-1.594-1.038c-0.572-0.222-1.227-0.375-2.185-0.418C14.751,3.01,14.444,3,12,3L12,3z M12,7.378 c-2.552,0-4.622,2.069-4.622,4.622S9.448,16.622,12,16.622s4.622-2.069,4.622-4.622S14.552,7.378,12,7.378z M12,15 c-1.657,0-3-1.343-3-3s1.343-3,3-3s3,1.343,3,3S13.657,15,12,15z M16.804,6.116c-0.596,0-1.08,0.484-1.08,1.08 s0.484,1.08,1.08,1.08c0.596,0,1.08-0.484,1.08-1.08S17.401,6.116,16.804,6.116z\"><\/path><\/svg><span class=\"wp-block-social-link-label screen-reader-text\">Instagram<\/span><\/a><\/li><\/ul>\n<\/div><\/div>\n\n\n<style>.kadence-column24_54d42a-2f > .kt-inside-inner-col{padding-top:var(--global-kb-spacing-sm, 1.5rem);padding-right:var(--global-kb-spacing-sm, 1.5rem);padding-bottom:var(--global-kb-spacing-sm, 1.5rem);padding-left:var(--global-kb-spacing-sm, 1.5rem);}.kadence-column24_54d42a-2f > .kt-inside-inner-col,.kadence-column24_54d42a-2f > .kt-inside-inner-col:before{border-top-left-radius:0px;border-top-right-radius:0px;border-bottom-right-radius:0px;border-bottom-left-radius:0px;}.kadence-column24_54d42a-2f > .kt-inside-inner-col{column-gap:var(--global-kb-gap-sm, 1rem);}.kadence-column24_54d42a-2f > .kt-inside-inner-col{flex-direction:column;}.kadence-column24_54d42a-2f > .kt-inside-inner-col > .aligncenter{width:100%;}.kadence-column24_54d42a-2f > .kt-inside-inner-col{background-color:var(--global-palette7, #EDF2F7);}.kadence-column24_54d42a-2f > .kt-inside-inner-col:before{opacity:0.3;}.kadence-column24_54d42a-2f{position:relative;}@media all and (max-width: 1024px){.kadence-column24_54d42a-2f > .kt-inside-inner-col{flex-direction:column;justify-content:center;}}@media all and (max-width: 767px){.kadence-column24_54d42a-2f > .kt-inside-inner-col{flex-direction:column;justify-content:center;}}<\/style>\n<div class=\"wp-block-kadence-column kadence-column24_54d42a-2f\"><div class=\"kt-inside-inner-col\"><div class=\"forminator-ui forminator-custom-form forminator-custom-form-118 forminator-design--basic forminator-custom forminator_ajax\" data-forminator-render=\"0\" data-form=\"forminator-module-118\" data-uid=\"69e3723660468\"><br\/><\/div><form\n\t\t\t\tid=\"forminator-module-118\"\n\t\t\t\tclass=\"forminator-ui forminator-custom-form forminator-custom-form-118 forminator-design--basic forminator-custom forminator_ajax\"\n\t\t\t\tmethod=\"post\"\n\t\t\t\tdata-forminator-render=\"0\"\n\t\t\t\tdata-form-id=\"118\"\n\t\t\t\t data-color-option=\"theme\" data-design=\"basic\" data-grid=\"custom\" style=\"display: none;\"\n\t\t\t\tdata-uid=\"69e3723660468\"\n\t\t\t><div role=\"alert\" aria-live=\"polite\" class=\"forminator-response-message forminator-error\" aria-hidden=\"true\"><\/div><div class=\"forminator-row\"><div id=\"name-1\" class=\"forminator-field-name forminator-col forminator-col-12 \"><div class=\"forminator-field\"><label for=\"forminator-field-name-1_69e3723660468\" id=\"forminator-field-name-1_69e3723660468-label\" class=\"forminator-label\">Imi\u0119 <span class=\"forminator-required\">*<\/span><\/label><input type=\"text\" name=\"name-1\" value=\"\" placeholder=\"Na przyk\u0142ad: Jan\" id=\"forminator-field-name-1_69e3723660468\" class=\"forminator-input forminator-name--field\" aria-required=\"true\" autocomplete=\"name\" \/><\/div><\/div><\/div><div class=\"forminator-row\"><div id=\"email-1\" class=\"forminator-field-email forminator-col forminator-col-12 \"><div class=\"forminator-field\"><label for=\"forminator-field-email-1_69e3723660468\" id=\"forminator-field-email-1_69e3723660468-label\" class=\"forminator-label\">Adres e-mail <span class=\"forminator-required\">*<\/span><\/label><input type=\"email\" name=\"email-1\" value=\"\" placeholder=\"Na przyk\u0142ad: jan@kowalski.com\" id=\"forminator-field-email-1_69e3723660468\" class=\"forminator-input forminator-email--field\" data-required=\"true\" aria-required=\"true\" autocomplete=\"email\" \/><\/div><\/div><\/div><div class=\"forminator-row\"><div id=\"phone-1\" class=\"forminator-field-phone forminator-col forminator-col-12 \"><div class=\"forminator-field\"><label for=\"forminator-field-phone-1_69e3723660468\" id=\"forminator-field-phone-1_69e3723660468-label\" class=\"forminator-label\">Numer telefonu<\/label><input type=\"text\" name=\"phone-1\" value=\"\" placeholder=\"Przyk\u0142ad. +48 100 200 300\" id=\"forminator-field-phone-1_69e3723660468\" class=\"forminator-input forminator-field--phone\" data-required=\"\" aria-required=\"false\" autocomplete=\"off\" \/><\/div><\/div><\/div><div class=\"forminator-row\"><div id=\"textarea-1\" class=\"forminator-field-textarea forminator-col forminator-col-12 \"><div class=\"forminator-field\"><label for=\"forminator-field-textarea-1_69e3723660468\" id=\"forminator-field-textarea-1_69e3723660468-label\" class=\"forminator-label\">Wiadomo\u015b\u0107<\/label><span id=\"forminator-field-textarea-1_69e3723660468-description\" class=\"forminator-description\"><span data-limit=\"180\" data-type=\"characters\" data-editor=\"\">0 \/ 180<\/span><\/span><textarea name=\"textarea-1\" placeholder=\"Wpisz swoj\u0105 wiadomo\u015b\u0107...\" id=\"forminator-field-textarea-1_69e3723660468\" class=\"forminator-textarea\" rows=\"6\" style=\"min-height:140px;\" maxlength=\"180\" ><\/textarea><\/div><\/div><\/div><div class=\"forminator-row\"><div id=\"consent-1\" class=\"forminator-field-consent forminator-col forminator-col-12 \"><div class=\"forminator-field\"><div class=\"forminator-checkbox__wrapper\"><label id=\"forminator-field-consent-1_69e3723660468__label\" class=\"forminator-checkbox forminator-consent\"><input type=\"checkbox\" name=\"consent-1\" id=\"forminator-field-consent-1_69e3723660468\" value=\"checked\" aria-labelledby=\"forminator-field-consent-1_69e3723660468-label\" aria-describedby=\"forminator-field-consent-1_69e3723660468__description\" data-required=\"true\" aria-required=\"true\" \/><span class=\"forminator-checkbox-box\" aria-hidden=\"true\"><\/span><\/label><div id=\"forminator-field-consent-1_69e3723660468__description\" class=\"forminator-checkbox__label forminator-consent__label\"><p>Wyra\u017cam zgod\u0119 na przetwarzanie moich danych osobowych. <a href=\"https:\/\/bramy-garazowe24.pl\/index.php\/polityka-prywatnosci\/\">Polityka prywatno\u015bci<\/a><\/p><\/div><\/div><\/div><\/div><\/div><div class=\"forminator-row\"><div id=\"captcha-1\" class=\"forminator-field-captcha forminator-col forminator-col-12 \"><div class=\"forminator-captcha-left forminator-g-recaptcha recaptcha-invisible\" data-theme=\"light\" data-badge=\"inline\" data-sitekey=\"6Lf451YrAAAAAEcs2P_l0FkfS08DrAKp5Oi6rRMw\" data-size=\"invisible\"><\/div> <\/div><\/div><input type=\"hidden\" name=\"referer_url\" value=\"\" \/><div class=\"forminator-row forminator-row-last\"><div class=\"forminator-col\"><div class=\"forminator-field\"><button class=\"forminator-button forminator-button-submit\">Wy\u015blij wiadomo\u015b\u0107<\/button><\/div><\/div><\/div><input type=\"hidden\" id=\"forminator_nonce\" name=\"forminator_nonce\" value=\"3595c6eaaa\" \/><input type=\"hidden\" name=\"_wp_http_referer\" value=\"\/index.php\/wp-json\/wp\/v2\/pages\/24\" \/><input type=\"hidden\" name=\"form_id\" value=\"118\"><input type=\"hidden\" name=\"page_id\" value=\"24\"><input type=\"hidden\" name=\"form_type\" value=\"default\"><input type=\"hidden\" name=\"current_url\" value=\"https:\/\/bramy-garazowe24.pl\/index.php\/kontakt\/\"><input type=\"hidden\" name=\"render_id\" value=\"0\"><input type=\"hidden\" name=\"action\" value=\"forminator_submit_form_custom-forms\"><\/form>\n<\/div><\/div>\n\n<\/div><\/div>\n\n<style>.kb-google-maps-container24_6b8d9a-32{height:450px;padding-top:0px;padding-right:0px;padding-bottom:0px;padding-left:0px;}.kb-google-maps-container24_6b8d9a-32{filter:grayscale(100%);}<\/style><div class=\"kb-google-maps-container kb-google-maps-container24_6b8d9a-32  wp-block-kadence-googlemaps\" data-mapid=\"24_6b8d9a32\"><iframe width=\"100%\" height=\"100%\"\n\t\t\t\t\t\t\tstyle=\"border:0\" loading=\"lazy\"\n\t\t\t\t\t\t\tsrc=\"https:\/\/www.google.com\/maps\/embed\/v1\/place?key=AIzaSyBAM2o7PiQqwk15LC1XRH2e_KJ-jUa7KYk&#038;zoom=11&#038;maptype=roadmap&#038;q=34-620+Krasne-Lasocice+18\"\n\t\t\t\t\t\t\ttitle=\"Mapa Google 34-620 Krasne-Lasocice 18\"><\/iframe><\/div><script>function kb_google_map24_6b8d9a32() { let center = { lat: 37.8201, lng: -122.4781}; let map = new google.maps.Map(document.getElementById(\"kb-google-map24_6b8d9a32\"), {\n\t\t\t\t\t    zoom: 11,\n\t\t\t\t\t    center: center,});let marker = new google.maps.Marker({   position: { lat: 37.8201, lng: -122.4781},    map: map,  });}<\/script>","protected":false},"excerpt":{"rendered":"<p>skontaktuj si\u0119 Otrzymaj bezp\u0142atn\u0105 wycen\u0119 ju\u017c dzi\u015b Potrzebujesz bram uchylnych, dwuskrzyd\u0142owych, drzwi stalowych lub gara\u017cu na zam\u00f3wienie? Skontaktuj si\u0119 z nami telefonicznie lub wype\u0142nij formularz. Przygotujemy dla Ciebie indywidualn\u0105 ofert\u0119 z darmow\u0105 dostaw\u0105 i monta\u017cem w ca\u0142ej Polsce.<\/p>\n","protected":false},"author":1,"featured_media":0,"parent":0,"menu_order":0,"comment_status":"closed","ping_status":"closed","template":"","meta":{"_acf_changed":false,"_kad_blocks_custom_css":"","_kad_blocks_head_custom_js":"","_kad_blocks_body_custom_js":"","_kad_blocks_footer_custom_js":"","_kad_post_transparent":"disable","_kad_post_title":"hide","_kad_post_layout":"fullwidth","_kad_post_sidebar_id":"","_kad_post_content_style":"unboxed","_kad_post_vertical_padding":"","_kad_post_feature":"","_kad_post_feature_position":"","_kad_post_header":false,"_kad_post_footer":false,"_kad_post_classname":"","footnotes":""},"class_list":["post-24","page","type-page","status-publish","hentry"],"acf":[],"taxonomy_info":[],"featured_image_src_large":false,"author_info":{"display_name":"michal","author_link":"https:\/\/bramy-garazowe24.pl\/author\/michal\/"},"comment_info":0,"_links":{"self":[{"href":"https:\/\/bramy-garazowe24.pl\/index.php\/wp-json\/wp\/v2\/pages\/24","targetHints":{"allow":["GET"]}}],"collection":[{"href":"https:\/\/bramy-garazowe24.pl\/index.php\/wp-json\/wp\/v2\/pages"}],"about":[{"href":"https:\/\/bramy-garazowe24.pl\/index.php\/wp-json\/wp\/v2\/types\/page"}],"author":[{"embeddable":true,"href":"https:\/\/bramy-garazowe24.pl\/index.php\/wp-json\/wp\/v2\/users\/1"}],"replies":[{"embeddable":true,"href":"https:\/\/bramy-garazowe24.pl\/index.php\/wp-json\/wp\/v2\/comments?post=24"}],"version-history":[{"count":7,"href":"https:\/\/bramy-garazowe24.pl\/index.php\/wp-json\/wp\/v2\/pages\/24\/revisions"}],"predecessor-version":[{"id":395,"href":"https:\/\/bramy-garazowe24.pl\/index.php\/wp-json\/wp\/v2\/pages\/24\/revisions\/395"}],"wp:attachment":[{"href":"https:\/\/bramy-garazowe24.pl\/index.php\/wp-json\/wp\/v2\/media?parent=24"}],"curies":[{"name":"wp","href":"https:\/\/api.w.org\/{rel}","templated":true}]}}